{"id":32,"date":"2017-10-31T07:44:25","date_gmt":"2017-10-31T07:44:25","guid":{"rendered":"http:\/\/demo2.drfuri.com\/manufactory\/?page_id=32"},"modified":"2024-07-20T03:08:39","modified_gmt":"2024-07-20T00:08:39","slug":"hakkimizda","status":"publish","type":"page","link":"https:\/\/silateknik.com.tr\/?page_id=32","title":{"rendered":"Hakk\u0131m\u0131zda"},"content":{"rendered":"<div class=\"wpb-content-wrapper\"><p>[vc_row][vc_column]<div class=\"mf-empty-space \" style=\"\"><div class=\"mf_empty_space_lg\"  style=\"height: 80px\"><\/div><div class=\"mf_empty_space_md\"  style=\"height: 50px\"><\/div><div class=\"mf_empty_space_xs\"  style=\"height: 50px\"><\/div><\/div>[\/vc_column][\/vc_row][vc_row][vc_column offset=&#8221;vc_col-lg-4 vc_col-md-12&#8243;][vc_single_image image=&#8221;3952&#8243; img_size=&#8221;370&#215;360&#8243; css=&#8221;&#8221;]<div class=\"mf-empty-space \" style=\"\"><div class=\"mf_empty_space_lg\"  style=\"height: 50px\"><\/div><div class=\"mf_empty_space_md\"  style=\"height: 30px\"><\/div><div class=\"mf_empty_space_xs\"  style=\"height: 30px\"><\/div><\/div>[\/vc_column][vc_column offset=&#8221;vc_col-lg-4 vc_col-md-12&#8243;][vc_custom_heading text=&#8221;S\u0131la Beyaz E\u015fya Teknik Servis&#8221; font_container=&#8221;tag:h2|font_size:20|text_align:left&#8221; use_theme_fonts=&#8221;yes&#8221; css=&#8221;.vc_custom_1721433734635{margin-top: 0px !important;margin-bottom: 0px !important;}&#8221; el_class=&#8221;fw-medium&#8221;]<div class=\"mf-empty-space \" style=\"\"><div class=\"mf_empty_space_lg\"  style=\"height: 20px\"><\/div><div class=\"mf_empty_space_md\"  style=\"height: 20px\"><\/div><div class=\"mf_empty_space_xs\"  style=\"height: 20px\"><\/div><\/div>[vc_column_text css=&#8221;&#8221;]Olarak, beyaz e\u015fya tamiri ve bak\u0131m\u0131 alan\u0131nda uzmanla\u015fm\u0131\u015f, g\u00fcvenilir ve m\u00fc\u015fteri odakl\u0131 hizmet anlay\u0131\u015f\u0131m\u0131zla faaliyet g\u00f6stermekteyiz. Deneyimli ekibimiz ve geni\u015f teknik bilgi birikimimizle, evinizdeki beyaz e\u015fyalar\u0131n sorunlar\u0131n\u0131 h\u0131zl\u0131 ve etkili bir \u015fekilde \u00e7\u00f6z\u00fcme kavu\u015fturuyoruz.<\/p>\n<p style=\"text-align: center;\"><strong>Misyonumuz:<\/strong><\/p>\n<p>M\u00fc\u015fterilerimize en kaliteli beyaz e\u015fya teknik servis hizmetini sunarak, beyaz e\u015fyalar\u0131n \u00f6mr\u00fcn\u00fc uzatmak ve kullan\u0131m verimlili\u011fini art\u0131rmak. Her zaman m\u00fc\u015fteri memnuniyetini \u00f6n planda tutarak, en iyi hizmeti sa\u011flamak.<\/p>\n<p style=\"text-align: center;\"><strong>Vizyonumuz:<\/strong><\/p>\n<p>Afyonkarahisar ve \u00e7evresinde beyaz e\u015fya teknik servis hizmetlerinde lider bir firma olmak, sekt\u00f6rdeki yenilikleri takip ederek en g\u00fcncel ve etkili \u00e7\u00f6z\u00fcmleri sunmak.[\/vc_column_text]<div class=\"mf-empty-space \" style=\"\"><div class=\"mf_empty_space_lg\"  style=\"height: 25px\"><\/div><div class=\"mf_empty_space_md\"  style=\"height: 25px\"><\/div><div class=\"mf_empty_space_xs\"  style=\"height: 25px\"><\/div><\/div><div class=\"mf-empty-space \" style=\"\"><div class=\"mf_empty_space_lg\"  style=\"height: 15px\"><\/div><div class=\"mf_empty_space_md\"  style=\"height: 15px\"><\/div><div class=\"mf_empty_space_xs\"  style=\"height: 15px\"><\/div><\/div>[\/vc_column][vc_column offset=&#8221;vc_col-lg-4 vc_col-md-12&#8243;][vc_tta_accordion style=&#8221;flat&#8221; shape=&#8221;square&#8221; color=&#8221;white&#8221; c_icon=&#8221;chevron&#8221; active_section=&#8221;2&#8243;][vc_tta_section title=&#8221;Deneyim&#8221; tab_id=&#8221;1508747151686-14cd83fe-86c0&#8243;][vc_column_text css=&#8221;&#8221;]Uzun y\u0131llara dayanan tecr\u00fcbemizle, her t\u00fcrl\u00fc beyaz e\u015fya ar\u0131zas\u0131nda uzman \u00e7\u00f6z\u00fcmler sunuyoruz.[\/vc_column_text][\/vc_tta_section][vc_tta_section title=&#8221;G\u00fcvenilirlik&#8221; tab_id=&#8221;1508747188911-376a52e4-45e9&#8243;][vc_column_text css=&#8221;&#8221;]M\u00fc\u015fterilerimize kar\u015f\u0131 her zaman d\u00fcr\u00fcst ve \u015feffaf bir hizmet anlay\u0131\u015f\u0131n\u0131 benimsiyoruz.[\/vc_column_text][\/vc_tta_section][vc_tta_section title=&#8221;Kalite&#8221; tab_id=&#8221;1721433568123-e53382fa-bafd&#8221;][vc_column_text css=&#8221;&#8221;]Kulland\u0131\u011f\u0131m\u0131z yedek par\u00e7alar ve sundu\u011fumuz hizmetlerde her zaman en y\u00fcksek kaliteyi hedefliyoruz.[\/vc_column_text][\/vc_tta_section][vc_tta_section title=&#8221;M\u00fc\u015fteri Memnuniyeti&#8221; tab_id=&#8221;1508747186558-5a68f830-d129&#8243;][vc_column_text css=&#8221;&#8221;]M\u00fc\u015fterilerimizin memnuniyeti bizim i\u00e7in her zaman \u00f6nceliklidir. Sundu\u011fumuz hizmetlerle, beklentilerinizi a\u015fmay\u0131 hedefliyoruz.[\/vc_column_text][\/vc_tta_section][vc_tta_section title=&#8221;H\u0131z&#8221; tab_id=&#8221;1721433527726-004e6fdb-9c5f&#8221;][vc_column_text css=&#8221;&#8221;]Beyaz e\u015fya ar\u0131zalar\u0131nda h\u0131zl\u0131 ve etkili \u00e7\u00f6z\u00fcmler sunarak, g\u00fcnl\u00fck hayat\u0131n\u0131z\u0131n aksamamas\u0131n\u0131 sa\u011fl\u0131yoruz.[\/vc_column_text][\/vc_tta_section][vc_tta_section title=&#8221;Uzmanl\u0131k&#8221; tab_id=&#8221;1721433650588-ffec9ee5-5ccb&#8221;][vc_column_text css=&#8221;&#8221;]Deneyimli ve e\u011fitimli teknisyenlerimizle, her t\u00fcrl\u00fc beyaz e\u015fya ar\u0131zas\u0131nda profesyonel \u00e7\u00f6z\u00fcmler \u00fcretiyoruz.[\/vc_column_text][\/vc_tta_section][\/vc_tta_accordion]<div class=\"mf-empty-space \" style=\"\"><div class=\"mf_empty_space_lg\"  style=\"height: 50px\"><\/div><div class=\"mf_empty_space_md\"  style=\"height: 30px\"><\/div><div class=\"mf_empty_space_xs\"  style=\"height: 30px\"><\/div><\/div>[\/vc_column][\/vc_row][vc_row][vc_column][vc_row_inner][vc_column_inner]<div class=\"mf-section-title text-center dark large-size \"><h2 >De\u011ferlerimiz<\/h2><\/div><div class=\"mf-empty-space \" style=\"\"><div class=\"mf_empty_space_lg\"  style=\"height: 55px\"><\/div><div class=\"mf_empty_space_md\"  style=\"height: 30px\"><\/div><div class=\"mf_empty_space_xs\"  style=\"height: 30px\"><\/div><\/div>[vc_column_text css=&#8221;&#8221;]<strong>G\u00fcven:<\/strong> M\u00fc\u015fterilerimize kar\u015f\u0131 her zaman d\u00fcr\u00fcst ve \u015feffaf bir hizmet sunuyoruz. G\u00fcvenilirlik bizim i\u00e7in en \u00f6nemli de\u011ferdir. Kalite: Kulland\u0131\u011f\u0131m\u0131z yedek par\u00e7alar ve sundu\u011fumuz hizmetlerde her zaman en y\u00fcksek kaliteyi hedefliyoruz. H\u0131z: Beyaz e\u015fya ar\u0131zalar\u0131nda h\u0131zl\u0131 ve etkili \u00e7\u00f6z\u00fcmler sunarak, g\u00fcnl\u00fck hayat\u0131n\u0131z\u0131n aksamamas\u0131n\u0131 sa\u011fl\u0131yoruz. M\u00fc\u015fteri Odakl\u0131l\u0131k: Her m\u00fc\u015fterimizin ihtiya\u00e7lar\u0131n\u0131 dikkate alarak, beklentilerini kar\u015f\u0131layan hizmetler sunuyoruz. Uzmanl\u0131k: Deneyimli ve e\u011fitimli teknisyenlerimizle, her t\u00fcrl\u00fc beyaz e\u015fya ar\u0131zas\u0131nda profesyonel \u00e7\u00f6z\u00fcmler \u00fcretiyoruz.<br \/>\n<strong>Hizmetlerimiz:<\/strong><\/p>\n<p>Beyaz E\u015fya Tamiri: Buzdolab\u0131, \u00e7ama\u015f\u0131r makinesi, bula\u015f\u0131k makinesi, f\u0131r\u0131n, klima gibi t\u00fcm beyaz e\u015fya t\u00fcrlerinde tamir ve bak\u0131m hizmetleri sunuyoruz.<br \/>\nYedek Par\u00e7a Temini: Orijinal ve kaliteli yedek par\u00e7alarla beyaz e\u015fyalar\u0131n\u0131z\u0131n tamirat\u0131n\u0131 ger\u00e7ekle\u015ftiriyoruz. Periyodik Bak\u0131m: Beyaz e\u015fyalar\u0131n\u0131z\u0131n \u00f6mr\u00fcn\u00fc uzatmak ve verimlili\u011fini art\u0131rmak i\u00e7in periyodik bak\u0131m hizmetleri sunuyoruz. Acil Servis Hizmetleri: Acil durumlarda h\u0131zl\u0131 ve etkili \u00e7\u00f6z\u00fcmler sunarak, beyaz e\u015fyalar\u0131n\u0131z\u0131n k\u0131sa s\u00fcrede tekrar \u00e7al\u0131\u015f\u0131r hale gelmesini sa\u011fl\u0131yoruz.<br \/>\n<strong>Neden Afyonkarahisar S\u0131la Beyaz E\u015fya Teknik Servis?<\/strong><\/p>\n<p><strong>Deneyim:<\/strong> Uzun y\u0131llara dayanan tecr\u00fcbemizle, her t\u00fcrl\u00fc beyaz e\u015fya ar\u0131zas\u0131nda uzman \u00e7\u00f6z\u00fcmler sunuyoruz.<br \/>\n<strong>G\u00fcvenilirlik:<\/strong> M\u00fc\u015fterilerimize kar\u015f\u0131 her zaman d\u00fcr\u00fcst ve \u015feffaf bir hizmet anlay\u0131\u015f\u0131n\u0131 benimsiyoruz.<br \/>\n<strong>Kalite ve H\u0131z:<\/strong> En kaliteli yedek par\u00e7alarla ve h\u0131zl\u0131 servis hizmetlerimizle, beyaz e\u015fyalar\u0131n\u0131z\u0131n sorunsuz \u00e7al\u0131\u015fmas\u0131n\u0131 sa\u011fl\u0131yoruz.<br \/>\n<strong>M\u00fc\u015fteri Memnuniyeti:<\/strong> M\u00fc\u015fterilerimizin memnuniyeti bizim i\u00e7in her zaman \u00f6nceliklidir. Sundu\u011fumuz hizmetlerle, beklentilerinizi a\u015fmay\u0131 hedefliyoruz.<br \/>\n<strong>Teknik Uzmanl\u0131k:<\/strong> E\u011fitimli ve deneyimli teknisyenlerimizle, beyaz e\u015fya ar\u0131zalar\u0131nda en do\u011fru \u00e7\u00f6z\u00fcmleri sunuyoruz.<br \/>\nAfyonkarahisar S\u0131la Beyaz E\u015fya Teknik Servis olarak, beyaz e\u015fyalar\u0131n\u0131z\u0131n bak\u0131m ve tamir ihtiya\u00e7lar\u0131n\u0131 en profesyonel \u015fekilde kar\u015f\u0131lamak i\u00e7in buraday\u0131z. Bizimle ileti\u015fime ge\u00e7in, beyaz e\u015fyalar\u0131n\u0131z\u0131n sorunsuz \u00e7al\u0131\u015fmas\u0131n\u0131\u00a0sa\u011flayal\u0131m![\/vc_column_text]<div class=\"mf-empty-space \" style=\"\"><div class=\"mf_empty_space_lg\"  style=\"height: 55px\"><\/div><div class=\"mf_empty_space_md\"  style=\"height: 30px\"><\/div><div class=\"mf_empty_space_xs\"  style=\"height: 30px\"><\/div><\/div>[\/vc_column_inner][\/vc_row_inner][\/vc_column][\/vc_row]<\/p>\n<\/div>","protected":false},"excerpt":{"rendered":"<p>[vc_row][vc_column][\/vc_column][\/vc_row][vc_row][vc_column offset=&#8221;vc_col-lg-4 vc_col-md-12&#8243;][vc_single_image image=&#8221;3952&#8243; img_size=&#8221;370&#215;360&#8243; css=&#8221;&#8221;][\/vc_column][vc_column offset=&#8221;vc_col-lg-4 vc_col-md-12&#8243;][vc_custom_heading text=&#8221;S\u0131la Beyaz E\u015fya Teknik Servis&#8221; font_container=&#8221;tag:h2|font_size:20|text_align:left&#8221; use_theme_fonts=&#8221;yes&#8221; css=&#8221;.vc_custom_1721433734635{margin-top: 0px !important;margin-bottom: 0px !important;}&#8221; el_class=&#8221;fw-medium&#8221;][vc_column_text css=&#8221;&#8221;]Olarak, beyaz e\u015fya tamiri ve bak\u0131m\u0131 alan\u0131nda uzmanla\u015fm\u0131\u015f, g\u00fcvenilir ve m\u00fc\u015fteri odakl\u0131 hizmet anlay\u0131\u015f\u0131m\u0131zla faaliyet g\u00f6stermekteyiz. Deneyimli ekibimiz ve geni\u015f teknik bilgi birikimimizle, evinizdeki beyaz e\u015fyalar\u0131n sorunlar\u0131n\u0131 h\u0131zl\u0131 ve etkili bir \u015fekilde \u00e7\u00f6z\u00fcme kavu\u015fturuyoruz. [&hellip;]<\/p>\n","protected":false},"author":1,"featured_media":0,"parent":0,"menu_order":0,"comment_status":"closed","ping_status":"closed","template":"template-fullwidth.php","meta":{"footnotes":""},"class_list":["post-32","page","type-page","status-publish","hentry","no-thumb"],"_links":{"self":[{"href":"https:\/\/silateknik.com.tr\/index.php?rest_route=\/wp\/v2\/pages\/32","targetHints":{"allow":["GET"]}}],"collection":[{"href":"https:\/\/silateknik.com.tr\/index.php?rest_route=\/wp\/v2\/pages"}],"about":[{"href":"https:\/\/silateknik.com.tr\/index.php?rest_route=\/wp\/v2\/types\/page"}],"author":[{"embeddable":true,"href":"https:\/\/silateknik.com.tr\/index.php?rest_route=\/wp\/v2\/users\/1"}],"replies":[{"embeddable":true,"href":"https:\/\/silateknik.com.tr\/index.php?rest_route=%2Fwp%2Fv2%2Fcomments&post=32"}],"version-history":[{"count":18,"href":"https:\/\/silateknik.com.tr\/index.php?rest_route=\/wp\/v2\/pages\/32\/revisions"}],"predecessor-version":[{"id":4097,"href":"https:\/\/silateknik.com.tr\/index.php?rest_route=\/wp\/v2\/pages\/32\/revisions\/4097"}],"wp:attachment":[{"href":"https:\/\/silateknik.com.tr\/index.php?rest_route=%2Fwp%2Fv2%2Fmedia&parent=32"}],"curies":[{"name":"wp","href":"https:\/\/api.w.org\/{rel}","templated":true}]}}